{"id":101,"date":"2024-09-12T00:51:43","date_gmt":"2024-09-11T22:51:43","guid":{"rendered":"https:\/\/epsig.net\/?page_id=101"},"modified":"2024-09-19T20:49:27","modified_gmt":"2024-09-19T18:49:27","slug":"signalisation-routiere","status":"publish","type":"page","link":"https:\/\/epsig.net\/index.php\/signalisation-routiere\/","title":{"rendered":"Signalisation routi\u00e8re"},"content":{"rendered":"\t\t<div data-elementor-type=\"wp-page\" data-elementor-id=\"101\" class=\"elementor elementor-101\">\n\t\t\t\t<div class=\"elementor-element elementor-element-55cecc4 e-flex e-con-boxed e-con e-parent\" data-id=\"55cecc4\" data-element_type=\"container\">\n\t\t\t\t\t<div class=\"e-con-inner\">\n\t\t\t\t<div class=\"elementor-element elementor-element-d37a18c elementor-widget elementor-widget-text-editor\" data-id=\"d37a18c\" data-element_type=\"widget\" data-widget_type=\"text-editor.default\">\n\t\t\t\t<div class=\"elementor-widget-container\">\n\t\t\t\t\t\t\t<ul><li>R\u00e9alisation des \u00e9tudes d\u2019\u00e9quipements (plan d\u2019implantation des \u00e9quipements du carrefour,\u00a0 plan de c\u00e2blage, sch\u00e9ma de raccordement\u2026)<\/li><li>Pose des c\u00e2bles de commande des feux dans des r\u00e9seaux enterr\u00e9s.<\/li><li>Montages des feux sur support en atelier.<\/li><li>Levage des supports de feux sur le site (pour certains feux, cette op\u00e9ration n\u00e9cessite l\u2019utilisation d\u2019un camion grue).<\/li><li>Pose de l\u2019armoire contr\u00f4leur de carrefour.<\/li><li>Raccordement des c\u00e2bles dans les supports et dans l\u2019armoire de commande.<\/li><li>R\u00e9alisation de boucles de d\u00e9tection en voirie.<\/li><li>Test et mise en service du carrefour.<\/li><li>Entretien et maintenance des carrefours \u00e0 feux.<\/li><\/ul>\t\t\t\t\t\t<\/div>\n\t\t\t\t<\/div>\n\t\t\t\t\t<\/div>\n\t\t\t\t<\/div>\n\t\t\t\t<\/div>\n\t\t","protected":false},"excerpt":{"rendered":"<p>R\u00e9alisation des \u00e9tudes d\u2019\u00e9quipements (plan d\u2019implantation des \u00e9quipements du carrefour,\u00a0 plan de c\u00e2blage, sch\u00e9ma de [&hellip;]<\/p>\n","protected":false},"author":1,"featured_media":0,"parent":0,"menu_order":0,"comment_status":"closed","ping_status":"closed","template":"","meta":{"footnotes":""},"class_list":["post-101","page","type-page","status-publish","hentry"],"_links":{"self":[{"href":"https:\/\/epsig.net\/index.php\/wp-json\/wp\/v2\/pages\/101","targetHints":{"allow":["GET"]}}],"collection":[{"href":"https:\/\/epsig.net\/index.php\/wp-json\/wp\/v2\/pages"}],"about":[{"href":"https:\/\/epsig.net\/index.php\/wp-json\/wp\/v2\/types\/page"}],"author":[{"embeddable":true,"href":"https:\/\/epsig.net\/index.php\/wp-json\/wp\/v2\/users\/1"}],"replies":[{"embeddable":true,"href":"https:\/\/epsig.net\/index.php\/wp-json\/wp\/v2\/comments?post=101"}],"version-history":[{"count":13,"href":"https:\/\/epsig.net\/index.php\/wp-json\/wp\/v2\/pages\/101\/revisions"}],"predecessor-version":[{"id":377,"href":"https:\/\/epsig.net\/index.php\/wp-json\/wp\/v2\/pages\/101\/revisions\/377"}],"wp:attachment":[{"href":"https:\/\/epsig.net\/index.php\/wp-json\/wp\/v2\/media?parent=101"}],"curies":[{"name":"wp","href":"https:\/\/api.w.org\/{rel}","templated":true}]}}