{"id":384,"date":"2024-09-20T00:41:15","date_gmt":"2024-09-19T22:41:15","guid":{"rendered":"https:\/\/epsig.net\/?page_id=384"},"modified":"2024-09-20T01:26:24","modified_gmt":"2024-09-19T23:26:24","slug":"ligne-aerienne-de-contact","status":"publish","type":"page","link":"https:\/\/epsig.net\/index.php\/ligne-aerienne-de-contact\/","title":{"rendered":"Ligne a\u00e9rienne de contact"},"content":{"rendered":"\t\t<div data-elementor-type=\"wp-page\" data-elementor-id=\"384\" class=\"elementor elementor-384\">\n\t\t\t\t<div class=\"elementor-element elementor-element-7e3d2da e-flex e-con-boxed e-con e-parent\" data-id=\"7e3d2da\" data-element_type=\"container\">\n\t\t\t\t\t<div class=\"e-con-inner\">\n\t\t<div class=\"elementor-element elementor-element-3c89849 e-con-full e-flex e-con e-child\" data-id=\"3c89849\" data-element_type=\"container\">\n\t\t\t\t<div class=\"elementor-element elementor-element-436e2e4 elementor-widget elementor-widget-text-editor\" data-id=\"436e2e4\" data-element_type=\"widget\" data-widget_type=\"text-editor.default\">\n\t\t\t\t<div class=\"elementor-widget-container\">\n\t\t\t\t\t\t\t<ul><li>Confection, modification, et maintenance de ligne a\u00e9rienne de contact Tramway ou Trolleybus.<\/li><li>D\u00e9pose de tron\u00e7on de ligne a\u00e9rienne de contact r\u00e9form\u00e9e.<\/li><\/ul>\t\t\t\t\t\t<\/div>\n\t\t\t\t<\/div>\n\t\t\t\t<\/div>\n\t\t<div class=\"elementor-element elementor-element-af4257d e-con-full e-flex e-con e-child\" data-id=\"af4257d\" data-element_type=\"container\">\n\t\t\t\t<div class=\"elementor-element elementor-element-19c2ae2 elementor-widget elementor-widget-image\" data-id=\"19c2ae2\" data-element_type=\"widget\" data-widget_type=\"image.default\">\n\t\t\t\t<div class=\"elementor-widget-container\">\n\t\t\t\t\t\t\t\t\t\t\t\t\t<img fetchpriority=\"high\" decoding=\"async\" width=\"1024\" height=\"528\" src=\"https:\/\/epsig.net\/wp-content\/uploads\/2024\/09\/20200729_233921_2-1024x528.jpg\" class=\"attachment-large size-large wp-image-196\" alt=\"\" srcset=\"https:\/\/epsig.net\/wp-content\/uploads\/2024\/09\/20200729_233921_2-1024x528.jpg 1024w, https:\/\/epsig.net\/wp-content\/uploads\/2024\/09\/20200729_233921_2-300x155.jpg 300w, https:\/\/epsig.net\/wp-content\/uploads\/2024\/09\/20200729_233921_2-768x396.jpg 768w, https:\/\/epsig.net\/wp-content\/uploads\/2024\/09\/20200729_233921_2-1536x792.jpg 1536w, https:\/\/epsig.net\/wp-content\/uploads\/2024\/09\/20200729_233921_2-2048x1056.jpg 2048w\" sizes=\"(max-width: 1024px) 100vw, 1024px\" \/>\t\t\t\t\t\t\t\t\t\t\t\t\t<\/div>\n\t\t\t\t<\/div>\n\t\t\t\t<\/div>\n\t\t\t\t\t<\/div>\n\t\t\t\t<\/div>\n\t\t\t\t<\/div>\n\t\t","protected":false},"excerpt":{"rendered":"<p>Confection, modification, et maintenance de ligne a\u00e9rienne de contact Tramway ou Trolleybus. D\u00e9pose de tron\u00e7on [&hellip;]<\/p>\n","protected":false},"author":1,"featured_media":0,"parent":0,"menu_order":0,"comment_status":"closed","ping_status":"closed","template":"","meta":{"footnotes":""},"class_list":["post-384","page","type-page","status-publish","hentry"],"_links":{"self":[{"href":"https:\/\/epsig.net\/index.php\/wp-json\/wp\/v2\/pages\/384","targetHints":{"allow":["GET"]}}],"collection":[{"href":"https:\/\/epsig.net\/index.php\/wp-json\/wp\/v2\/pages"}],"about":[{"href":"https:\/\/epsig.net\/index.php\/wp-json\/wp\/v2\/types\/page"}],"author":[{"embeddable":true,"href":"https:\/\/epsig.net\/index.php\/wp-json\/wp\/v2\/users\/1"}],"replies":[{"embeddable":true,"href":"https:\/\/epsig.net\/index.php\/wp-json\/wp\/v2\/comments?post=384"}],"version-history":[{"count":10,"href":"https:\/\/epsig.net\/index.php\/wp-json\/wp\/v2\/pages\/384\/revisions"}],"predecessor-version":[{"id":434,"href":"https:\/\/epsig.net\/index.php\/wp-json\/wp\/v2\/pages\/384\/revisions\/434"}],"wp:attachment":[{"href":"https:\/\/epsig.net\/index.php\/wp-json\/wp\/v2\/media?parent=384"}],"curies":[{"name":"wp","href":"https:\/\/api.w.org\/{rel}","templated":true}]}}