{"id":387,"date":"2024-09-20T00:48:07","date_gmt":"2024-09-19T22:48:07","guid":{"rendered":"https:\/\/epsig.net\/?page_id=387"},"modified":"2024-09-20T00:49:45","modified_gmt":"2024-09-19T22:49:45","slug":"equipements-electriques-des-collectivites","status":"publish","type":"page","link":"https:\/\/epsig.net\/index.php\/equipements-electriques-des-collectivites\/","title":{"rendered":"Equipements \u00e9lectriques des collectivit\u00e9s"},"content":{"rendered":"\t\t<div data-elementor-type=\"wp-page\" data-elementor-id=\"387\" class=\"elementor elementor-387\">\n\t\t\t\t<div class=\"elementor-element elementor-element-03f78e1 e-flex e-con-boxed e-con e-parent\" data-id=\"03f78e1\" data-element_type=\"container\">\n\t\t\t\t\t<div class=\"e-con-inner\">\n\t\t\t\t<div class=\"elementor-element elementor-element-d7543f3 elementor-widget elementor-widget-text-editor\" data-id=\"d7543f3\" data-element_type=\"widget\" data-widget_type=\"text-editor.default\">\n\t\t\t\t<div class=\"elementor-widget-container\">\n\t\t\t\t\t\t\t<p><strong>\u00c9tude, pose, c\u00e2blage, raccordement, et mise en service de :<\/strong><\/p><ul><li>Bornes I.R.V.E. toutes puissances<\/li><li>Bornes \u00e9nergie escamotables ou fixes<\/li><li>Barri\u00e8res automatiques, bornes escamotables destin\u00e9es au contr\u00f4le d\u2019acc\u00e8s des parkings et lieux publics<\/li><li>Serrures connect\u00e9es destin\u00e9es au contr\u00f4le d\u2019acc\u00e8s des \u00e9quipements sportifs (tennis, gymnases\u2026).<\/li><\/ul>\t\t\t\t\t\t<\/div>\n\t\t\t\t<\/div>\n\t\t\t\t\t<\/div>\n\t\t\t\t<\/div>\n\t\t<div class=\"elementor-element elementor-element-5d627f0 e-flex e-con-boxed e-con e-parent\" data-id=\"5d627f0\" data-element_type=\"container\">\n\t\t\t\t\t<div class=\"e-con-inner\">\n\t\t<div class=\"elementor-element elementor-element-0a00258 e-con-full e-flex e-con e-child\" data-id=\"0a00258\" data-element_type=\"container\">\n\t\t\t\t<div class=\"elementor-element elementor-element-7a1c304 elementor-widget elementor-widget-image\" data-id=\"7a1c304\" data-element_type=\"widget\" data-widget_type=\"image.default\">\n\t\t\t\t<div class=\"elementor-widget-container\">\n\t\t\t\t\t\t\t\t\t\t\t\t\t<img fetchpriority=\"high\" decoding=\"async\" width=\"768\" height=\"1024\" src=\"https:\/\/epsig.net\/wp-content\/uploads\/2024\/09\/20230920_173753-768x1024.jpg\" class=\"attachment-large size-large wp-image-396\" alt=\"\" srcset=\"https:\/\/epsig.net\/wp-content\/uploads\/2024\/09\/20230920_173753-768x1024.jpg 768w, https:\/\/epsig.net\/wp-content\/uploads\/2024\/09\/20230920_173753-225x300.jpg 225w, https:\/\/epsig.net\/wp-content\/uploads\/2024\/09\/20230920_173753-1152x1536.jpg 1152w, https:\/\/epsig.net\/wp-content\/uploads\/2024\/09\/20230920_173753-1536x2048.jpg 1536w, https:\/\/epsig.net\/wp-content\/uploads\/2024\/09\/20230920_173753-scaled.jpg 1920w\" sizes=\"(max-width: 768px) 100vw, 768px\" \/>\t\t\t\t\t\t\t\t\t\t\t\t\t<\/div>\n\t\t\t\t<\/div>\n\t\t\t\t<\/div>\n\t\t<div class=\"elementor-element elementor-element-7e3c025 e-con-full e-flex e-con e-child\" data-id=\"7e3c025\" data-element_type=\"container\">\n\t\t\t\t<div class=\"elementor-element elementor-element-5d988e3 elementor-widget elementor-widget-image\" data-id=\"5d988e3\" data-element_type=\"widget\" data-widget_type=\"image.default\">\n\t\t\t\t<div class=\"elementor-widget-container\">\n\t\t\t\t\t\t\t\t\t\t\t\t\t<img decoding=\"async\" width=\"768\" height=\"1024\" src=\"https:\/\/epsig.net\/wp-content\/uploads\/2024\/09\/20230920_173736-768x1024.jpg\" class=\"attachment-large size-large wp-image-395\" alt=\"\" srcset=\"https:\/\/epsig.net\/wp-content\/uploads\/2024\/09\/20230920_173736-768x1024.jpg 768w, https:\/\/epsig.net\/wp-content\/uploads\/2024\/09\/20230920_173736-225x300.jpg 225w, https:\/\/epsig.net\/wp-content\/uploads\/2024\/09\/20230920_173736-1152x1536.jpg 1152w, https:\/\/epsig.net\/wp-content\/uploads\/2024\/09\/20230920_173736-1536x2048.jpg 1536w, https:\/\/epsig.net\/wp-content\/uploads\/2024\/09\/20230920_173736-scaled.jpg 1920w\" sizes=\"(max-width: 768px) 100vw, 768px\" \/>\t\t\t\t\t\t\t\t\t\t\t\t\t<\/div>\n\t\t\t\t<\/div>\n\t\t\t\t<\/div>\n\t\t\t\t\t<\/div>\n\t\t\t\t<\/div>\n\t\t\t\t<\/div>\n\t\t","protected":false},"excerpt":{"rendered":"<p>\u00c9tude, pose, c\u00e2blage, raccordement, et mise en service de : Bornes I.R.V.E. toutes puissances Bornes [&hellip;]<\/p>\n","protected":false},"author":1,"featured_media":0,"parent":0,"menu_order":0,"comment_status":"closed","ping_status":"closed","template":"","meta":{"footnotes":""},"class_list":["post-387","page","type-page","status-publish","hentry"],"_links":{"self":[{"href":"https:\/\/epsig.net\/index.php\/wp-json\/wp\/v2\/pages\/387","targetHints":{"allow":["GET"]}}],"collection":[{"href":"https:\/\/epsig.net\/index.php\/wp-json\/wp\/v2\/pages"}],"about":[{"href":"https:\/\/epsig.net\/index.php\/wp-json\/wp\/v2\/types\/page"}],"author":[{"embeddable":true,"href":"https:\/\/epsig.net\/index.php\/wp-json\/wp\/v2\/users\/1"}],"replies":[{"embeddable":true,"href":"https:\/\/epsig.net\/index.php\/wp-json\/wp\/v2\/comments?post=387"}],"version-history":[{"count":5,"href":"https:\/\/epsig.net\/index.php\/wp-json\/wp\/v2\/pages\/387\/revisions"}],"predecessor-version":[{"id":399,"href":"https:\/\/epsig.net\/index.php\/wp-json\/wp\/v2\/pages\/387\/revisions\/399"}],"wp:attachment":[{"href":"https:\/\/epsig.net\/index.php\/wp-json\/wp\/v2\/media?parent=387"}],"curies":[{"name":"wp","href":"https:\/\/api.w.org\/{rel}","templated":true}]}}